{"id":591,"date":"2018-06-20T08:02:57","date_gmt":"2018-06-20T08:02:57","guid":{"rendered":"https:\/\/altimirenginyeria.com\/sobre-nosotros\/"},"modified":"2024-03-12T12:09:54","modified_gmt":"2024-03-12T12:09:54","slug":"sobre-nosotros","status":"publish","type":"page","link":"https:\/\/altimirenginyeria.com\/es\/sobre-nosotros\/","title":{"rendered":"Sobre nosotros"},"content":{"rendered":"\t\t<div data-elementor-type=\"wp-post\" data-elementor-id=\"591\" class=\"elementor elementor-591 elementor-104\">\n\t\t\t\t\t\t<section class=\"elementor-section elementor-top-section elementor-element elementor-element-3244f96c elementor-section-content-middle elementor-reverse-mobile elementor-section-boxed elementor-section-height-default elementor-section-height-default\" data-id=\"3244f96c\" data-element_type=\"section\">\n\t\t\t\t\t\t<div class=\"elementor-container elementor-column-gap-wider\">\n\t\t\t\t\t<div class=\"aux-parallax-section elementor-column elementor-col-50 elementor-top-column elementor-element elementor-element-567c8928\" data-id=\"567c8928\" data-element_type=\"column\">\n\t\t\t<div class=\"elementor-widget-wrap elementor-element-populated\">\n\t\t\t\t\t\t<div class=\"elementor-element elementor-element-53f8c0a6 aux-appear-watch-animation aux-fade-in-up elementor-widget elementor-widget-aux_modern_heading\" data-id=\"53f8c0a6\" data-element_type=\"widget\" data-widget_type=\"aux_modern_heading.default\">\n\t\t\t\t<div class=\"elementor-widget-container\">\n\t\t\t\t\t<section class=\"aux-widget-modern-heading\">\n            <div class=\"aux-widget-inner\"><h1 class=\"aux-modern-heading-primary\">ALTIMIR INGENIER\u00cdA<\/h1><h3 class=\"aux-modern-heading-secondary\"><span class=\"aux-head-highlight\">Joan Altimir<\/span><\/h3><div class=\"aux-modern-heading-divider\"><\/div><div class=\"aux-modern-heading-description\"><p><strong>Ingeniero t\u00e9cnico industrial<\/strong><\/p><p><strong>T\u00e9cnico superior en PRL<\/strong><\/p><p><strong>M\u00e1ster en Dise\u00f1o Industrial<\/strong><\/p><p>Joan, Ingeniero Mec\u00e1nico en Altimir Ingenier\u00eda desde 2004, es un experto en seguridad industrial. Se especializa en estrategias de prevenci\u00f3n y seguridad para minimizar los riesgos laborales. Ha estado ayudando a empresas a proteger y mejor la salud y la seguridad de sus empleados durante m\u00e1s de dos d\u00e9cadas.<\/p><\/div><\/div>\n        <\/section>\t\t\t\t<\/div>\n\t\t\t\t<\/div>\n\t\t\t\t<div class=\"elementor-element elementor-element-86054db e-grid-align-left elementor-shape-rounded elementor-grid-0 elementor-widget elementor-widget-social-icons\" data-id=\"86054db\" data-element_type=\"widget\" data-widget_type=\"social-icons.default\">\n\t\t\t\t<div class=\"elementor-widget-container\">\n\t\t\t\t\t\t\t<div class=\"elementor-social-icons-wrapper elementor-grid\" role=\"list\">\n\t\t\t\t\t\t\t<span class=\"elementor-grid-item\" role=\"listitem\">\n\t\t\t\t\t<a class=\"elementor-icon elementor-social-icon elementor-social-icon-linkedin elementor-repeater-item-832369f\" href=\"https:\/\/www.linkedin.com\/in\/joanaltimir\/\" target=\"_blank\">\n\t\t\t\t\t\t<span class=\"elementor-screen-only\">Linkedin<\/span>\n\t\t\t\t\t\t<i aria-hidden=\"true\" class=\"fab fa-linkedin\"><\/i>\t\t\t\t\t<\/a>\n\t\t\t\t<\/span>\n\t\t\t\t\t\t\t<span class=\"elementor-grid-item\" role=\"listitem\">\n\t\t\t\t\t<a class=\"elementor-icon elementor-social-icon elementor-social-icon-auxicon-mail-3 elementor-repeater-item-aa74285\" href=\"mailto:joan@altimirenginyeria.com\" target=\"_blank\">\n\t\t\t\t\t\t<span class=\"elementor-screen-only\">Auxicon-mail-3<\/span>\n\t\t\t\t\t\t<i aria-hidden=\"true\" class=\"auxicon auxicon-mail-3\"><\/i>\t\t\t\t\t<\/a>\n\t\t\t\t<\/span>\n\t\t\t\t\t<\/div>\n\t\t\t\t\t\t<\/div>\n\t\t\t\t<\/div>\n\t\t\t\t\t<\/div>\n\t\t<\/div>\n\t\t\t\t<div class=\"aux-parallax-section elementor-column elementor-col-50 elementor-top-column elementor-element elementor-element-5a396e11\" data-id=\"5a396e11\" data-element_type=\"column\">\n\t\t\t<div class=\"elementor-widget-wrap elementor-element-populated\">\n\t\t\t\t\t\t<div class=\"elementor-element elementor-element-4c8b6880 aux-appear-watch-animation aux-mask-from-left elementor-widget elementor-widget-aux_image\" data-id=\"4c8b6880\" data-element_type=\"widget\" data-widget_type=\"aux_image.default\">\n\t\t\t\t<div class=\"elementor-widget-container\">\n\t\t\t\t\t<section class=\"widget-container aux-widget-image aux-alignnone aux-parent-aubc4c713b\">\n    <div class=\"aux-media-hint-frame \">\n        <div class=\"aux-media-image \" >\n        \n            \n\n            \n            <img fetchpriority=\"high\" decoding=\"async\" width=\"376\" height=\"420\" src=\"data:image\/gif;base64,R0lGODlhAQABAIAAAAAAAP\/\/\/yH5BAEAAAAALAAAAAABAAEAAAIBRAA7\" class=\"aux-attachment aux-featured-image aux-attachment-id-434 aux-preload aux-blank\" alt=\"siloueta\" data-ratio=\"0.9\" data-original-w=\"376\" data-src=\"https:\/\/altimirenginyeria.com\/wp-content\/uploads\/2023\/10\/siloueta.jpg\" \/>            \n                <\/div>\n    <\/div>\n\n<\/section><!-- widget-container -->\t\t\t\t<\/div>\n\t\t\t\t<\/div>\n\t\t\t\t\t<\/div>\n\t\t<\/div>\n\t\t\t\t\t<\/div>\n\t\t<\/section>\n\t\t\t\t<section class=\"elementor-section elementor-top-section elementor-element elementor-element-1a915c04 elementor-section-content-middle elementor-section-boxed elementor-section-height-default elementor-section-height-default\" data-id=\"1a915c04\" data-element_type=\"section\">\n\t\t\t\t\t\t<div class=\"elementor-container elementor-column-gap-wider\">\n\t\t\t\t\t<div class=\"aux-parallax-section elementor-column elementor-col-50 elementor-top-column elementor-element elementor-element-157cfd6\" data-id=\"157cfd6\" data-element_type=\"column\">\n\t\t\t<div class=\"elementor-widget-wrap elementor-element-populated\">\n\t\t\t\t\t\t<div class=\"elementor-element elementor-element-e51923b aux-appear-watch-animation aux-mask-from-left elementor-widget elementor-widget-aux_image\" data-id=\"e51923b\" data-element_type=\"widget\" data-widget_type=\"aux_image.default\">\n\t\t\t\t<div class=\"elementor-widget-container\">\n\t\t\t\t\t<section class=\"widget-container aux-widget-image aux-alignnone aux-parent-aufe95c820\">\n    <div class=\"aux-media-hint-frame \">\n        <div class=\"aux-media-image \" >\n        \n            \n\n            \n            <img fetchpriority=\"high\" decoding=\"async\" width=\"376\" height=\"420\" src=\"data:image\/gif;base64,R0lGODlhAQABAIAAAAAAAP\/\/\/yH5BAEAAAAALAAAAAABAAEAAAIBRAA7\" class=\"aux-attachment aux-featured-image aux-attachment-id-434 aux-preload aux-blank\" alt=\"siloueta\" data-ratio=\"0.9\" data-original-w=\"376\" data-src=\"https:\/\/altimirenginyeria.com\/wp-content\/uploads\/2023\/10\/siloueta.jpg\" \/>            \n                <\/div>\n    <\/div>\n\n<\/section><!-- widget-container -->\t\t\t\t<\/div>\n\t\t\t\t<\/div>\n\t\t\t\t\t<\/div>\n\t\t<\/div>\n\t\t\t\t<div class=\"aux-parallax-section elementor-column elementor-col-50 elementor-top-column elementor-element elementor-element-125d822c\" data-id=\"125d822c\" data-element_type=\"column\">\n\t\t\t<div class=\"elementor-widget-wrap elementor-element-populated\">\n\t\t\t\t\t\t<div class=\"elementor-element elementor-element-675abc37 aux-appear-watch-animation aux-fade-in-up elementor-widget elementor-widget-aux_modern_heading\" data-id=\"675abc37\" data-element_type=\"widget\" data-widget_type=\"aux_modern_heading.default\">\n\t\t\t\t<div class=\"elementor-widget-container\">\n\t\t\t\t\t<section class=\"aux-widget-modern-heading\">\n            <div class=\"aux-widget-inner\"><h1 class=\"aux-modern-heading-primary\">ALTIMIR INGENIER\u00cdA<\/h1><h3 class=\"aux-modern-heading-secondary\"><span class=\"aux-head-highlight\">Josep Altimir  <\/span><\/h3><div class=\"aux-modern-heading-divider\"><\/div><div class=\"aux-modern-heading-description\"><p><strong>Ingeniero industrial superior<\/strong><\/p>\n<p>Josep, Ingeniero Industrial Superior, se especializa en proyectos de instalaciones y climatizaciones industriales. Desde 2010 en Altimir Ingenier\u00eda, colabora con arquitectos, comercios y empresas de instalaciones el\u00e9ctricas para construir proyectos de \u00e9xito. Experto y con una profunda comprensi\u00f3n de la ingenier\u00eda industrial, ofrece soluciones eficaces, seguras y rentables.<\/p>\n<\/div><\/div>\n        <\/section>\t\t\t\t<\/div>\n\t\t\t\t<\/div>\n\t\t\t\t<div class=\"elementor-element elementor-element-84465c0 e-grid-align-left elementor-shape-rounded elementor-grid-0 elementor-widget elementor-widget-social-icons\" data-id=\"84465c0\" data-element_type=\"widget\" data-widget_type=\"social-icons.default\">\n\t\t\t\t<div class=\"elementor-widget-container\">\n\t\t\t\t\t\t\t<div class=\"elementor-social-icons-wrapper elementor-grid\" role=\"list\">\n\t\t\t\t\t\t\t<span class=\"elementor-grid-item\" role=\"listitem\">\n\t\t\t\t\t<a class=\"elementor-icon elementor-social-icon elementor-social-icon-linkedin elementor-repeater-item-832369f\" href=\"https:\/\/www.linkedin.com\/in\/josep-altimir-puigdemont-5597b931\/\" target=\"_blank\">\n\t\t\t\t\t\t<span class=\"elementor-screen-only\">Linkedin<\/span>\n\t\t\t\t\t\t<i aria-hidden=\"true\" class=\"fab fa-linkedin\"><\/i>\t\t\t\t\t<\/a>\n\t\t\t\t<\/span>\n\t\t\t\t\t\t\t<span class=\"elementor-grid-item\" role=\"listitem\">\n\t\t\t\t\t<a class=\"elementor-icon elementor-social-icon elementor-social-icon-auxicon-mail-3 elementor-repeater-item-aef1e50\" href=\"mailto:josep@altimirenginyeria.com\" target=\"_blank\">\n\t\t\t\t\t\t<span class=\"elementor-screen-only\">Auxicon-mail-3<\/span>\n\t\t\t\t\t\t<i aria-hidden=\"true\" class=\"auxicon auxicon-mail-3\"><\/i>\t\t\t\t\t<\/a>\n\t\t\t\t<\/span>\n\t\t\t\t\t<\/div>\n\t\t\t\t\t\t<\/div>\n\t\t\t\t<\/div>\n\t\t\t\t\t<\/div>\n\t\t<\/div>\n\t\t\t\t\t<\/div>\n\t\t<\/section>\n\t\t\t\t<section class=\"elementor-section elementor-top-section elementor-element elementor-element-d4a7422 elementor-section-content-middle elementor-reverse-mobile elementor-section-boxed elementor-section-height-default elementor-section-height-default\" data-id=\"d4a7422\" data-element_type=\"section\">\n\t\t\t\t\t\t<div class=\"elementor-container elementor-column-gap-wider\">\n\t\t\t\t\t<div class=\"aux-parallax-section elementor-column elementor-col-50 elementor-top-column elementor-element elementor-element-087863c\" data-id=\"087863c\" data-element_type=\"column\">\n\t\t\t<div class=\"elementor-widget-wrap elementor-element-populated\">\n\t\t\t\t\t\t<div class=\"elementor-element elementor-element-3edbe9c aux-appear-watch-animation aux-fade-in-up elementor-widget elementor-widget-aux_modern_heading\" data-id=\"3edbe9c\" data-element_type=\"widget\" data-widget_type=\"aux_modern_heading.default\">\n\t\t\t\t<div class=\"elementor-widget-container\">\n\t\t\t\t\t<section class=\"aux-widget-modern-heading\">\n            <div class=\"aux-widget-inner\"><h1 class=\"aux-modern-heading-primary\">ALTIMIR ENGINYERIA<\/h1><h3 class=\"aux-modern-heading-secondary\"><span class=\"aux-head-highlight\">Anam Mehmood<\/span><\/h3><div class=\"aux-modern-heading-divider\"><\/div><div class=\"aux-modern-heading-description\"><p><strong>Ingeniera mec\u00e1nica<\/strong><\/p><div class=\"flex-1 overflow-hidden\"><div class=\"react-scroll-to-bottom--css-bhaak-79elbk h-full\"><div class=\"react-scroll-to-bottom--css-bhaak-1n7m0yu\"><div class=\"flex flex-col pb-9 text-sm\"><div class=\"w-full text-token-text-primary\" data-testid=\"conversation-turn-9\"><div class=\"px-4 py-2 justify-center text-base md:gap-6 m-auto\"><div class=\"flex flex-1 text-base mx-auto gap-3 md:px-5 lg:px-1 xl:px-5 md:max-w-3xl lg:max-w-[40rem] xl:max-w-[48rem] group final-completion\"><div class=\"relative flex w-full flex-col agent-turn\"><div class=\"flex-col gap-1 md:gap-3\"><div class=\"flex flex-grow flex-col max-w-full\"><div class=\"min-h-[20px] text-message flex flex-col items-start gap-3 whitespace-pre-wrap break-words [.text-message+&amp;]:mt-5 overflow-x-auto\" data-message-author-role=\"assistant\" data-message-id=\"dfae1ed2-c412-4115-a212-4bfb3087f7e8\"><div class=\"markdown prose w-full break-words dark:prose-invert light\"><p>Anam es ingeniera mec\u00e1nica graduada por la Universidad de Girona. Se incorpor\u00f3 a Altimir Enginyeria hace m\u00e1s de 5 a\u00f1os, donde se especializa en c\u00e1lculos estructurales. Realiza estudios de solidez y estabilidad, demostrando un gran dominio de los programas de c\u00e1lculo.<\/p><\/div><\/div><\/div><\/div><\/div><\/div><\/div><\/div><\/div><\/div><\/div><\/div><\/div><\/div>\n        <\/section>\t\t\t\t<\/div>\n\t\t\t\t<\/div>\n\t\t\t\t<div class=\"elementor-element elementor-element-0b6f467 e-grid-align-left elementor-shape-rounded elementor-grid-0 elementor-widget elementor-widget-social-icons\" data-id=\"0b6f467\" data-element_type=\"widget\" data-widget_type=\"social-icons.default\">\n\t\t\t\t<div class=\"elementor-widget-container\">\n\t\t\t\t\t\t\t<div class=\"elementor-social-icons-wrapper elementor-grid\" role=\"list\">\n\t\t\t\t\t\t\t<span class=\"elementor-grid-item\" role=\"listitem\">\n\t\t\t\t\t<a class=\"elementor-icon elementor-social-icon elementor-social-icon-linkedin elementor-repeater-item-832369f\" target=\"_blank\">\n\t\t\t\t\t\t<span class=\"elementor-screen-only\">Linkedin<\/span>\n\t\t\t\t\t\t<i aria-hidden=\"true\" class=\"fab fa-linkedin\"><\/i>\t\t\t\t\t<\/a>\n\t\t\t\t<\/span>\n\t\t\t\t\t\t\t<span class=\"elementor-grid-item\" role=\"listitem\">\n\t\t\t\t\t<a class=\"elementor-icon elementor-social-icon elementor-social-icon-auxicon-mail-3 elementor-repeater-item-aa74285\" href=\"mailto:anamaltimirenginyeria@gmail.com\" target=\"_blank\">\n\t\t\t\t\t\t<span class=\"elementor-screen-only\">Auxicon-mail-3<\/span>\n\t\t\t\t\t\t<i aria-hidden=\"true\" class=\"auxicon auxicon-mail-3\"><\/i>\t\t\t\t\t<\/a>\n\t\t\t\t<\/span>\n\t\t\t\t\t<\/div>\n\t\t\t\t\t\t<\/div>\n\t\t\t\t<\/div>\n\t\t\t\t\t<\/div>\n\t\t<\/div>\n\t\t\t\t<div class=\"aux-parallax-section elementor-column elementor-col-50 elementor-top-column elementor-element elementor-element-b2ff350\" data-id=\"b2ff350\" data-element_type=\"column\">\n\t\t\t<div class=\"elementor-widget-wrap elementor-element-populated\">\n\t\t\t\t\t\t<div class=\"elementor-element elementor-element-b12b7a1 aux-appear-watch-animation aux-mask-from-left elementor-widget elementor-widget-aux_image\" data-id=\"b12b7a1\" data-element_type=\"widget\" data-widget_type=\"aux_image.default\">\n\t\t\t\t<div class=\"elementor-widget-container\">\n\t\t\t\t\t<section class=\"widget-container aux-widget-image aux-alignnone aux-parent-aucc727823\">\n    <div class=\"aux-media-hint-frame \">\n        <div class=\"aux-media-image \" >\n        \n            \n\n            \n            <img decoding=\"async\" width=\"376\" height=\"420\" src=\"data:image\/gif;base64,R0lGODlhAQABAIAAAAAAAP\/\/\/yH5BAEAAAAALAAAAAABAAEAAAIBRAA7\" class=\"aux-attachment aux-featured-image aux-attachment-id-1070 aux-preload aux-blank\" alt=\"noia_silueta.png\" data-ratio=\"0.9\" data-original-w=\"376\" data-src=\"https:\/\/altimirenginyeria.com\/wp-content\/uploads\/2024\/02\/noia_silueta-1.png\" \/>            \n                <\/div>\n    <\/div>\n\n<\/section><!-- widget-container -->\t\t\t\t<\/div>\n\t\t\t\t<\/div>\n\t\t\t\t\t<\/div>\n\t\t<\/div>\n\t\t\t\t\t<\/div>\n\t\t<\/section>\n\t\t\t\t<section class=\"elementor-section elementor-top-section elementor-element elementor-element-0ba3bd8 elementor-section-boxed elementor-section-height-default elementor-section-height-default\" data-id=\"0ba3bd8\" data-element_type=\"section\">\n\t\t\t\t\t\t<div class=\"elementor-container elementor-column-gap-no\">\n\t\t\t\t\t<div class=\"aux-parallax-section elementor-column elementor-col-50 elementor-top-column elementor-element elementor-element-47eb7aa\" data-id=\"47eb7aa\" data-element_type=\"column\">\n\t\t\t<div class=\"elementor-widget-wrap elementor-element-populated\">\n\t\t\t\t\t\t<div class=\"elementor-element elementor-element-50000c2 aux-appear-watch-animation aux-mask-from-top elementor-hidden-tablet elementor-hidden-mobile elementor-widget elementor-widget-aux_image\" data-id=\"50000c2\" data-element_type=\"widget\" data-widget_type=\"aux_image.default\">\n\t\t\t\t<div class=\"elementor-widget-container\">\n\t\t\t\t\t<section class=\"widget-container aux-widget-image aux-alignnone aux-parent-auf45d575d\">\n    <div class=\"aux-media-hint-frame \">\n        <div class=\"aux-media-image \" >\n        \n            \n\n            \n            <img decoding=\"async\" width=\"1024\" height=\"900\" src=\"data:image\/gif;base64,R0lGODlhAQABAIAAAAAAAP\/\/\/yH5BAEAAAAALAAAAAABAAEAAAIBRAA7\" class=\"aux-attachment aux-featured-image aux-attachment-id-436 aux-preload aux-blank\" alt=\"nosaltres\" data-ratio=\"1\" data-original-w=\"1500\" sizes=\"auto\" data-srcset=\"https:\/\/altimirenginyeria.com\/wp-content\/uploads\/2023\/10\/nosaltres-150x150.jpg 150w,https:\/\/altimirenginyeria.com\/wp-content\/uploads\/2023\/10\/nosaltres-300x300.jpg 300w,https:\/\/altimirenginyeria.com\/wp-content\/uploads\/2023\/10\/nosaltres-768x768.jpg 768w,https:\/\/altimirenginyeria.com\/wp-content\/uploads\/2023\/10\/nosaltres-1024x900.jpg 1024w,https:\/\/altimirenginyeria.com\/wp-content\/uploads\/2023\/10\/nosaltres-1024x900.jpg 1024w\" data-src=\"https:\/\/altimirenginyeria.com\/wp-content\/uploads\/2023\/10\/nosaltres-1024x900.jpg\" \/>            \n                <\/div>\n    <\/div>\n\n<\/section><!-- widget-container -->\t\t\t\t<\/div>\n\t\t\t\t<\/div>\n\t\t\t\t\t<\/div>\n\t\t<\/div>\n\t\t\t\t<div class=\"aux-parallax-section elementor-column elementor-col-50 elementor-top-column elementor-element elementor-element-2ca438c\" data-id=\"2ca438c\" data-element_type=\"column\" data-settings=\"{&quot;background_background&quot;:&quot;classic&quot;}\">\n\t\t\t<div class=\"elementor-widget-wrap elementor-element-populated\">\n\t\t\t\t\t\t<div class=\"elementor-element elementor-element-eab169d aux-appear-watch-animation aux-fade-in-up elementor-widget elementor-widget-aux_modern_heading\" data-id=\"eab169d\" data-element_type=\"widget\" data-widget_type=\"aux_modern_heading.default\">\n\t\t\t\t<div class=\"elementor-widget-container\">\n\t\t\t\t\t<section class=\"aux-widget-modern-heading\">\n            <div class=\"aux-widget-inner\"><h2 class=\"aux-modern-heading-primary\">ALTIMIR INGENIER\u00cdA<\/h2><h3 class=\"aux-modern-heading-secondary\"><span class=\"aux-head-before\">\u00bfPor qu\u00e9 elegirnos?<\/span><\/h3><div class=\"aux-modern-heading-divider\"><\/div><\/div>\n        <\/section>\t\t\t\t<\/div>\n\t\t\t\t<\/div>\n\t\t\t\t<div class=\"elementor-element elementor-element-91915c5 elementor-widget__width-initial aux-appear-watch-animation aux-fade-in-up-1 elementor-widget elementor-widget-aux_text\" data-id=\"91915c5\" data-element_type=\"widget\" data-widget_type=\"aux_text.default\">\n\t\t\t\t<div class=\"elementor-widget-container\">\n\t\t\t\t\t<section class=\"widget-container aux-widget-text aux-parent-au0ac293af\">        <div class=\"aux-widget-advanced-text aux-wrap-style-simple aux-ico-pos-left aux-text-left aux-text-resp- aux-text-color-dark aux-text-widget-bg-center  aux-text-padding-fix \" >\n        \n                            <div class=\"aux-text-widget-header \"  >\n                        <div class=\"aux-ico-box aux-ico-large aux-ico-shape-circle aux-ico-clear \">\n                                                                <span class=\"aux-ico auxicon-design-pencil-rule-streamline\" > <\/span>\n                                                            <\/div>\n                <\/div>\n            \n            <div class=\"aux-text-inner aux-text-widget-content\">\n                                <h4 class=\"col-title\">Dise\u00f1o a medida<\/h4>\n                                <div class=\"widget-content\">\n                                        <p>Abordaje personalizado, considerando todas las variables.<\/p>                <\/div>\n                            <\/div>\n        <\/div>\n                    <div class=\"aux-text-widget-footer\">\n                <div class=\"aux-border-shape-none \">\n                                <\/div>\n            <\/div>\n        \n<\/section><!-- widget-container -->\t\t\t\t<\/div>\n\t\t\t\t<\/div>\n\t\t\t\t<div class=\"elementor-element elementor-element-772e042 elementor-widget__width-initial aux-appear-watch-animation aux-fade-in-up-1 elementor-widget elementor-widget-aux_text\" data-id=\"772e042\" data-element_type=\"widget\" data-widget_type=\"aux_text.default\">\n\t\t\t\t<div class=\"elementor-widget-container\">\n\t\t\t\t\t<section class=\"widget-container aux-widget-text aux-parent-au85571ec4\">        <div class=\"aux-widget-advanced-text aux-wrap-style-simple aux-ico-pos-left aux-text-left aux-text-resp- aux-text-color-dark aux-text-widget-bg-center  aux-text-padding-fix \" >\n        \n                            <div class=\"aux-text-widget-header \"  >\n                        <div class=\"aux-ico-box aux-ico-large aux-ico-shape-circle aux-ico-clear \">\n                            <i aria-hidden=\"true\" class=\"aux-ico auxicon auxicon-user-1\"><\/i>                        <\/div>\n                <\/div>\n            \n            <div class=\"aux-text-inner aux-text-widget-content\">\n                                <h4 class=\"col-title\">Asesoramiento<\/h4>\n                                <div class=\"widget-content\">\n                                        <p>Orientaci\u00f3n y experiencia para garantizar el \u00e9xito del proyecto.<\/p>                <\/div>\n                            <\/div>\n        <\/div>\n                    <div class=\"aux-text-widget-footer\">\n                <div class=\"aux-border-shape-none \">\n                                <\/div>\n            <\/div>\n        \n<\/section><!-- widget-container -->\t\t\t\t<\/div>\n\t\t\t\t<\/div>\n\t\t\t\t<div class=\"elementor-element elementor-element-12bb6bd elementor-widget__width-initial aux-appear-watch-animation aux-fade-in-up-1 elementor-widget elementor-widget-aux_text\" data-id=\"12bb6bd\" data-element_type=\"widget\" data-widget_type=\"aux_text.default\">\n\t\t\t\t<div class=\"elementor-widget-container\">\n\t\t\t\t\t<section class=\"widget-container aux-widget-text aux-parent-aue868a57e\">        <div class=\"aux-widget-advanced-text aux-wrap-style-simple aux-ico-pos-left aux-text-left aux-text-resp- aux-text-color-dark aux-text-widget-bg-center  aux-text-padding-fix \" >\n        \n                            <div class=\"aux-text-widget-header \"  >\n                        <div class=\"aux-ico-box aux-ico-large aux-ico-shape-circle aux-ico-clear \">\n                            <i aria-hidden=\"true\" class=\"aux-ico auxicon auxicon-file\"><\/i>                        <\/div>\n                <\/div>\n            \n            <div class=\"aux-text-inner aux-text-widget-content\">\n                                <h4 class=\"col-title\">Seguimiento<\/h4>\n                                <div class=\"widget-content\">\n                                        <p>Supervisi\u00f3n continua para garantizar el avance seg\u00fan lo planeado.<\/p>                <\/div>\n                            <\/div>\n        <\/div>\n                    <div class=\"aux-text-widget-footer\">\n                <div class=\"aux-border-shape-none \">\n                                <\/div>\n            <\/div>\n        \n<\/section><!-- widget-container -->\t\t\t\t<\/div>\n\t\t\t\t<\/div>\n\t\t\t\t\t<\/div>\n\t\t<\/div>\n\t\t\t\t\t<\/div>\n\t\t<\/section>\n\t\t\t\t<section class=\"elementor-section elementor-top-section elementor-element elementor-element-21398a5c elementor-section-height-min-height aux-appear-watch-animation aux-fade-in-up elementor-section-boxed elementor-section-height-default elementor-section-items-middle\" data-id=\"21398a5c\" data-element_type=\"section\" data-settings=\"{&quot;background_background&quot;:&quot;gradient&quot;}\">\n\t\t\t\t\t\t<div class=\"elementor-container elementor-column-gap-default\">\n\t\t\t\t\t<div class=\"aux-parallax-section elementor-column elementor-col-100 elementor-top-column elementor-element elementor-element-24a2efb9\" data-id=\"24a2efb9\" data-element_type=\"column\">\n\t\t\t<div class=\"elementor-widget-wrap elementor-element-populated\">\n\t\t\t\t\t\t<div class=\"elementor-element elementor-element-e1383d0 elementor-widget elementor-widget-aux_modern_heading\" data-id=\"e1383d0\" data-element_type=\"widget\" data-widget_type=\"aux_modern_heading.default\">\n\t\t\t\t<div class=\"elementor-widget-container\">\n\t\t\t\t\t<section class=\"aux-widget-modern-heading\">\n            <div class=\"aux-widget-inner\"><h2 class=\"aux-modern-heading-primary\">Planificamos antes de hacerlo.<\/h2><div class=\"aux-modern-heading-description\"><p>Realizar una b\u00fasqueda sencilla siempre es bueno para iniciar el proceso y la planificaci\u00f3n. As\u00ed que siempre empezamos con un plan estrat\u00e9gico.<\/p>\n<\/div><\/div>\n        <\/section>\t\t\t\t<\/div>\n\t\t\t\t<\/div>\n\t\t\t\t\t<\/div>\n\t\t<\/div>\n\t\t\t\t\t<\/div>\n\t\t<\/section>\n\t\t\t\t<section class=\"elementor-section elementor-top-section elementor-element elementor-element-f296bf7 elementor-section-boxed elementor-section-height-default elementor-section-height-default\" data-id=\"f296bf7\" data-element_type=\"section\">\n\t\t\t\t\t\t<div class=\"elementor-container elementor-column-gap-default\">\n\t\t\t\t\t<div class=\"aux-parallax-section elementor-column elementor-col-100 elementor-top-column elementor-element elementor-element-a066062\" data-id=\"a066062\" data-element_type=\"column\">\n\t\t\t<div class=\"elementor-widget-wrap\">\n\t\t\t\t\t\t\t<\/div>\n\t\t<\/div>\n\t\t\t\t\t<\/div>\n\t\t<\/section>\n\t\t\t\t<\/div>\n\t\t","protected":false},"excerpt":{"rendered":"<p>ALTIMIR INGENIER\u00cdA Joan Altimir Ingeniero t\u00e9cnico industrial T\u00e9cnico superior en PRL M\u00e1ster en Dise\u00f1o Industrial Joan, Ingeniero Mec\u00e1nico en Altimir Ingenier\u00eda desde 2004, es un experto en seguridad industrial. Se especializa en estrategias de prevenci\u00f3n y seguridad para minimizar los riesgos laborales. Ha estado ayudando a empresas a proteger y mejor la salud y la [&hellip;]<\/p>\n","protected":false},"author":1,"featured_media":0,"parent":0,"menu_order":0,"comment_status":"closed","ping_status":"closed","template":"","meta":{"_monsterinsights_skip_tracking":false,"_monsterinsights_sitenote_active":false,"_monsterinsights_sitenote_note":"","_monsterinsights_sitenote_category":0,"footnotes":""},"class_list":["post-591","page","type-page","status-publish","hentry"],"aioseo_notices":[],"_links":{"self":[{"href":"https:\/\/altimirenginyeria.com\/es\/wp-json\/wp\/v2\/pages\/591","targetHints":{"allow":["GET"]}}],"collection":[{"href":"https:\/\/altimirenginyeria.com\/es\/wp-json\/wp\/v2\/pages"}],"about":[{"href":"https:\/\/altimirenginyeria.com\/es\/wp-json\/wp\/v2\/types\/page"}],"author":[{"embeddable":true,"href":"https:\/\/altimirenginyeria.com\/es\/wp-json\/wp\/v2\/users\/1"}],"replies":[{"embeddable":true,"href":"https:\/\/altimirenginyeria.com\/es\/wp-json\/wp\/v2\/comments?post=591"}],"version-history":[{"count":38,"href":"https:\/\/altimirenginyeria.com\/es\/wp-json\/wp\/v2\/pages\/591\/revisions"}],"predecessor-version":[{"id":1164,"href":"https:\/\/altimirenginyeria.com\/es\/wp-json\/wp\/v2\/pages\/591\/revisions\/1164"}],"wp:attachment":[{"href":"https:\/\/altimirenginyeria.com\/es\/wp-json\/wp\/v2\/media?parent=591"}],"curies":[{"name":"wp","href":"https:\/\/api.w.org\/{rel}","templated":true}]}}