{"id":597,"date":"2023-06-15T09:11:53","date_gmt":"2023-06-15T09:11:53","guid":{"rendered":"https:\/\/altimirenginyeria.com\/politica-de-cookies\/"},"modified":"2023-11-16T15:20:39","modified_gmt":"2023-11-16T15:20:39","slug":"politica-de-cookies","status":"publish","type":"page","link":"https:\/\/altimirenginyeria.com\/es\/politica-de-cookies\/","title":{"rendered":"Pol\u00edtica de cookies"},"content":{"rendered":"\n<p><strong>Informaci\u00f3n general de las cookies<\/strong><\/p>\n\n<p>La confianza del usuario es importante para nosotros, y por tanto, en JUAN ALTIMIR ALONSO nos preocupa proteger su privacidad. Un aspecto importante de esto es proporcionarle toda la informaci\u00f3n posible sobre c\u00f3mo utilizamos sus datos de car\u00e1cter personal, incluso c\u00f3mo se utiliza el local de almacenamiento de datos y tecnolog\u00eda similar<\/p>\n\n<p>El almacenamiento local de datos implica el almacenamiento de distintos tipos de datos localmente en su dispositivo a trav\u00e9s de su navegador web. Los datos que se pueden almacenar localmente pueden, por ejemplo, contener la configuraci\u00f3n del usuario, informaci\u00f3n sobre c\u00f3mo navega por nuestra web, qu\u00e9 navegador web utiliza, qu\u00e9 anuncios se han mostrado y la similitud en sitios web con los que trabajamos . Los datos almacenados localmente pueden utilizarse para personalizar el contenido y las funciones en nuestros servicios, de forma que sus visitas sean m\u00e1s c\u00f3modas y tengan m\u00e1s sentido.<\/p>\n\n<p>Un m\u00e9todo de almacenamiento local de datos son las cookies. Las cookies son peque\u00f1os archivos de texto que se encuentran en su dispositivo (PC, tel\u00e9fono m\u00f3vil o tableta) que permiten reconocer su navegaci\u00f3n web. Las cookies contienen informaci\u00f3n principalmente sobre su navegaci\u00f3n web y sobre cualquier actividad que se haya producido en ella. Nos ayudan a garantizar la seguridad y el funcionamiento \u00f3ptimo de nuestra web, cuando sale de nuestra p\u00e1gina web \u00e9stas son eliminadas (cookies de seguridad y sesi\u00f3n de cookies) y recogen informaci\u00f3n sobre los productos que les interesan en nuestras visitas de Internet y sobre c\u00f3mo navegan a trav\u00e9s de nuestra web para que nuestras ofertas sean m\u00e1s atractivas para los usuarios (seguimiento de cookies).<\/p>\n\n<p><strong>Informaci\u00f3n complementaria de las cookies<\/strong><\/p>\n\n<p>Utilizamos el almacenamiento local de datos para una serie de finalidades, tales como: permitirnos realizar nuestros servicios; Aportar contenido pertinente, personalizado cuando visite nuestros sitios web; medir y analizar el tr\u00e1fico en nuestra web; mejorar nuestros servicios; y dirigir publicidad espec\u00edfica. A continuaci\u00f3n, se ofrecen m\u00e1s detalles sobre estos temas:<\/p>\n\n<ul class=\"wp-block-list\">\n<li>Para nuestra publicidad:<\/li>\n<\/ul>\n\n<p>Utilizamos el almacenamiento local de datos en relaci\u00f3n a las actividades publicitarias. Esto nos permite saber si y con frecuencia el usuario ha visto un anuncio o determinado tipo de anuncio, y cu\u00e1nto tiempo hace que lo ha visto.<\/p>\n\n<p>Tambi\u00e9n utilizamos el almacenamiento local de datos para construir segmentos y grupos objetivos con fines de marketing y dirigir anuncios espec\u00edficos.<\/p>\n\n<ul class=\"wp-block-list\">\n<li>Para analizar y mejorar nuestros servicios:<\/li>\n<\/ul>\n\n<p>Utilizamos diversas herramientas de medida que nos proporcionan estad\u00edsticas y an\u00e1lisis relativas a nuestros servicios. Estas herramientas permiten reconocer el navegador web a lo largo del tiempo y saber si el visitante ha visitado el sitio web anteriormente y si es as\u00ed con qu\u00e9 frecuencia. Estas herramientas nos ofrecen la posibilidad de conseguir una visi\u00f3n general de cu\u00e1ntos usuarios \u00fanicos tenemos y c\u00f3mo utilizan nuestros servicios.<\/p>\n\n<p>Asimismo utilizamos la informaci\u00f3n que hemos recogido y analizado para desarrollar y mejorar nuestros servicios; por ejemplo, averiguar qu\u00e9 servicios generan m\u00e1s tr\u00e1fico o ver si un servicio est\u00e1 funcionando de forma \u00f3ptima.<\/p>\n\n<ul class=\"wp-block-list\">\n<li>Para entregar y adaptar los servicios a su utilizaci\u00f3n:<\/li>\n<\/ul>\n\n<p>Se requiere y se necesita el almacenamiento local de datos con el objetivo de permitirnos utilizar nuestros servicios, tales como informaci\u00f3n sobre su configuraci\u00f3n, que nos dice c\u00f3mo deben presentarse los servicios en su navegador web.<\/p>\n\n<p>Tambi\u00e9n utilizamos el almacenamiento local de datos para adaptar nuestros servicios a su utilizaci\u00f3n lo mejor posible.<\/p>\n\n<p><strong>Gesti\u00f3n de cookies<\/strong><\/p>\n\n<p>Puede desactivar las cookies o configurar su navegador para que avise cuando env\u00edan una cookie.<\/p>\n\n<p>La configuraci\u00f3n en su navegador web normalmente muestra una lista de todas las cookies que se han almacenado para proporcionarle una visi\u00f3n general y, si lo desea, para eliminar las cookies no deseadas. Normalmente, puede indicarse que acepta el almacenamiento de cookies de los sitios web que visita o de terceros afiliados a estos sitios web. Tambi\u00e9n puede elegir ser notificado cada vez que se almacena una nueva cookie. Se le proporciona a continuaci\u00f3n, orientaci\u00f3n sobre c\u00f3mo hacerlo en distintos navegadores web. Su navegador web normalmente almacena cookies en una carpeta espec\u00edfica en su disco duro, de modo que pueda examinar tambi\u00e9n el contenido con mayor detalle.<\/p>\n\n<p>Sin embargo, las cookies que est\u00e1n presentes en la p\u00e1gina web cambian con frecuencia, y no todas las cookies son igual de importantes. Por tanto, si JUAN ALTIMIR ALONSO cambia el uso de las cookies de seguimiento, se le notificar\u00e1 con un mensaje.<\/p>\n\n<p>Asimismo, existen disponibles servicios que han sido desarrollados especialmente para proporcionar a los usuarios una lista actualizada de cookies y otros mecanismos de seguimiento.<\/p>\n\n<p>Tenga en cuenta que si usted los desactiva, es posible que no podamos disfrutar de todas las funcionalidades de nuestra web.<\/p>\n\n<p>A continuaci\u00f3n, se le presenta un resumen de c\u00f3mo los datos almacenados localmente se pueden gestionar en distintos navegadores web. Tenga en cuenta que este proceso puede cambiar y que las descripciones aqu\u00ed dadas no pueden estar actualizadas.<\/p>\n\n<p><strong>Gesti\u00f3n de cookies en Google Chrome<\/strong><\/p>\n\n<ul class=\"wp-block-list\">\n<li>C\u00f3mo eliminar las cookies:<\/li>\n\n\n\n<li>Ve a Configuraci\u00f3n en el men\u00fa de tu navegador.<\/li>\n\n\n\n<li>Haga clic en Mostrar configuraci\u00f3n avanzada.<\/li>\n\n\n\n<li>Haga clic en Eliminar datos de navegaci\u00f3n.<\/li>\n\n\n\n<li>Selecciona el per\u00edodo de tiempo para el que desea eliminar la informaci\u00f3n del men\u00fa en la parte superior. Si desea eliminar todas las cookies en el navegador, haga clic en Desde el origen de los tiempos.<\/li>\n\n\n\n<li>Marca Cookies y otros datos de sitios y complementos.<\/li>\n\n\n\n<li>Haga clic en Borrar datos de navegaci\u00f3n.<\/li>\n\n\n\n<li>Cierra la ventana.<\/li>\n\n\n\n<li>C\u00f3mo evitar que las cookies se almacenen en el navegador web:<\/li>\n\n\n\n<li>Ir a preferencias en el men\u00fa de tu navegador.<\/li>\n\n\n\n<li>Haga clic en Mostrar configuraci\u00f3n avanzada y, a continuaci\u00f3n, haga clic en Configuraci\u00f3n de contenido.<\/li>\n\n\n\n<li>En Cookies, selecciona tu opci\u00f3n favorita. Si desea evitar que todas las cookies queden almacenadas, haga clic en No permitir que se guarden datos de los sitios.<\/li>\n\n\n\n<li>Haga clic en Hecho.<\/li>\n\n\n\n<li>Cierra la ventana.<\/li>\n<\/ul>\n\n<p><strong>Gesti\u00f3n de cookies en Safari<\/strong><\/p>\n\n<ul class=\"wp-block-list\">\n<li>C\u00f3mo eliminar las cookies:<\/li>\n\n\n\n<li>Ir a Preferencias en el men\u00fa de su navegador.<\/li>\n\n\n\n<li>Haga clic en la pesta\u00f1a Privacidad.<\/li>\n\n\n\n<li>Haga clic en Elimine todos los datos de los sitios web y haga clic en Eliminar para eliminar todas las cookies.<\/li>\n\n\n\n<li>Cierra la ventana.<\/li>\n\n\n\n<li>C\u00f3mo evitar que las cookies se almacenen en su navegador web:<\/li>\n\n\n\n<li>Ir a Preferencias en el men\u00fa de su navegador<\/li>\n\n\n\n<li>Haga clic en la pesta\u00f1a Privacidad.<\/li>\n\n\n\n<li>En Cookies y datos de sitios web selecciona tu opci\u00f3n favorita. Si desea evitar que todas las cookies queden almacenadas, haga clic en Bloqueo siempre.<\/li>\n\n\n\n<li>Cierra la ventana.<\/li>\n<\/ul>\n\n<p><strong>Gesti\u00f3n de cookies en Mozilla Firefox<\/strong><\/p>\n\n<ul class=\"wp-block-list\">\n<li>C\u00f3mo eliminar las cookies:<\/li>\n\n\n\n<li>Ir a Opciones en el men\u00fa de su navegador.<\/li>\n\n\n\n<li>Haga clic en la pesta\u00f1a Privacidad.<\/li>\n\n\n\n<li>Haga clic en Mostrar cookies.<\/li>\n\n\n\n<li>Selecciona las cookies que desees eliminar y haga clic en Eliminar seleccionadas. Haga clic en Eliminar todas si desea eliminar todas las cookies en su web.<\/li>\n\n\n\n<li>Cierra la ventana. Cualquier cambio que haya realizado se guardar\u00e1 autom\u00e1ticamente.<\/li>\n\n\n\n<li>C\u00f3mo evitar que las cookies se almacenan en su navegador web:<\/li>\n\n\n\n<li>Ir a Configuraci\u00f3n en el men\u00fa de su navegador.<\/li>\n\n\n\n<li>Selecciona la pesta\u00f1a Privacidad.<\/li>\n\n\n\n<li>En Historial, haga clic en Usar una configuraci\u00f3n personalizada para el historial.<\/li>\n\n\n\n<li>Selecciona tus opciones favoritas en Permite cookies de sitios web. Si desea evitar que todas las cookies se detengan, desactive la casilla Aceptar cookies de sitios web.<\/li>\n\n\n\n<li>Cierra la ventana. Cualquier cambio que haya realizado se guardar\u00e1 autom\u00e1ticamente.<\/li>\n<\/ul>\n\n<p><strong>Gesti\u00f3n de cookies en Internet Explorer<\/strong><\/p>\n\n<ul class=\"wp-block-list\">\n<li>C\u00f3mo eliminar las cookies:<\/li>\n\n\n\n<li>Ir a Herramientas (icono de rueda dentada) en el men\u00fa de tu navegador.<\/li>\n\n\n\n<li>Haga clic en Propiedades de Internet.<\/li>\n\n\n\n<li>En la pesta\u00f1a General &#8211; Historial de navegaci\u00f3n, haga clic en Eliminar.<\/li>\n\n\n\n<li>Aseg\u00farese de marcar la opci\u00f3n Cookies y datos de sitios web.<\/li>\n\n\n\n<li>Haga clic en Eliminar.<\/li>\n\n\n\n<li>Haga clic en Aceptar.<\/li>\n\n\n\n<li>C\u00f3mo evitar que las cookies se almacenan en su navegaci\u00f3n web:<\/li>\n\n\n\n<li>Ir a Herramientas (icono de rueda dentada) en el men\u00fa de tu navegador.<\/li>\n\n\n\n<li>Haga clic en Opciones de Internet y luego haga clic en la pesta\u00f1a Privacidad.<\/li>\n\n\n\n<li>Mueva la barra deslizante al nivel deseado. Si desea evitar que todas las cookies queden en libertad, seleccione el nivel Bloquear todas las cookies.<\/li>\n\n\n\n<li>Haga clic en Aceptar.<\/li>\n<\/ul>\n\n<p><strong>Gesti\u00f3n de cookies en Opera<\/strong><\/p>\n\n<ul class=\"wp-block-list\">\n<li>C\u00f3mo eliminar las cookies:<\/li>\n\n\n\n<li>Ir a Configuraci\u00f3n en el men\u00fa de su navegador.<\/li>\n\n\n\n<li>Selecciona la pesta\u00f1a de Privacidad y Seguridad.<\/li>\n\n\n\n<li>Haga clic en Cookies y luego haga clic en Todas las cookies y datos de sitios web.<\/li>\n\n\n\n<li>Selecciona las cookies que desees eliminar y haga clic en Eliminar.<\/li>\n\n\n\n<li>Haga clic en Eliminar todas si desea eliminar todas las cookies en su web del navegador.<\/li>\n\n\n\n<li>Haga clic en Hecho.<\/li>\n\n\n\n<li>Cierra la ventana.<\/li>\n\n\n\n<li>C\u00f3mo evitar que las cookies se almacenen en su navegador web:<\/li>\n\n\n\n<li>vaya a Configuraci\u00f3n en el men\u00fa de su navegador.<\/li>\n\n\n\n<li>Selecciona la pesta\u00f1a de Privacidad y Seguridad. En Cookies, selecciona tu opci\u00f3n favorita. Si desea evitar que todas las cookies queden almacenadas, haga clic en No permitir que se guarden datos de los sitios.<\/li>\n\n\n\n<li>Cierre la ventana.<\/li>\n<\/ul>\n\n<p>Informaci\u00f3n de contacto Para obtener m\u00e1s transparencia, si tiene alguna pregunta relacionada con el uso del local de nuestra web, p\u00f3ngase en contacto con nosotros en toni@infoactivat.com, indicando en el asunto \u00abPol\u00edtica de cookies\u00bb<\/p>\n","protected":false},"excerpt":{"rendered":"<p>Informaci\u00f3n general de las cookies La confianza del usuario es importante para nosotros, y por tanto, en JUAN ALTIMIR ALONSO nos preocupa proteger su privacidad. Un aspecto importante de esto es proporcionarle toda la informaci\u00f3n posible sobre c\u00f3mo utilizamos sus datos de car\u00e1cter personal, incluso c\u00f3mo se utiliza el local de almacenamiento de datos y [&hellip;]<\/p>\n","protected":false},"author":1,"featured_media":0,"parent":0,"menu_order":0,"comment_status":"closed","ping_status":"open","template":"","meta":{"_monsterinsights_skip_tracking":false,"_monsterinsights_sitenote_active":false,"_monsterinsights_sitenote_note":"","_monsterinsights_sitenote_category":0,"footnotes":""},"class_list":["post-597","page","type-page","status-publish","hentry"],"aioseo_notices":[],"_links":{"self":[{"href":"https:\/\/altimirenginyeria.com\/es\/wp-json\/wp\/v2\/pages\/597","targetHints":{"allow":["GET"]}}],"collection":[{"href":"https:\/\/altimirenginyeria.com\/es\/wp-json\/wp\/v2\/pages"}],"about":[{"href":"https:\/\/altimirenginyeria.com\/es\/wp-json\/wp\/v2\/types\/page"}],"author":[{"embeddable":true,"href":"https:\/\/altimirenginyeria.com\/es\/wp-json\/wp\/v2\/users\/1"}],"replies":[{"embeddable":true,"href":"https:\/\/altimirenginyeria.com\/es\/wp-json\/wp\/v2\/comments?post=597"}],"version-history":[{"count":2,"href":"https:\/\/altimirenginyeria.com\/es\/wp-json\/wp\/v2\/pages\/597\/revisions"}],"predecessor-version":[{"id":603,"href":"https:\/\/altimirenginyeria.com\/es\/wp-json\/wp\/v2\/pages\/597\/revisions\/603"}],"wp:attachment":[{"href":"https:\/\/altimirenginyeria.com\/es\/wp-json\/wp\/v2\/media?parent=597"}],"curies":[{"name":"wp","href":"https:\/\/api.w.org\/{rel}","templated":true}]}}