{"id":608,"date":"2018-06-20T08:15:24","date_gmt":"2018-06-20T08:15:24","guid":{"rendered":"https:\/\/altimirenginyeria.com\/contacto\/"},"modified":"2024-11-06T12:29:45","modified_gmt":"2024-11-06T12:29:45","slug":"contacto","status":"publish","type":"page","link":"https:\/\/altimirenginyeria.com\/es\/contacto\/","title":{"rendered":"Contacto"},"content":{"rendered":"<section>\n<h1>CONT\u00c1CTANOS<\/h1>\n<h3>Escr\u00edbenos para cualquier consulta<\/h3>\n<\/section>\n<section>\n            <!-- @TODO - The output for element here --><\/p>\n<p role=\"status\" aria-live=\"polite\" aria-atomic=\"true\">\n<ul><\/ul>\n<form action=\"\/wp-admin\/admin-ajax.php#wpcf7-f259-o1\" method=\"post\" aria-label=\"Formulario de contacto\" novalidate=\"novalidate\" data-status=\"init\">\n<input type=\"hidden\" name=\"_wpcf7\" value=\"259\" \/><br \/>\n<input type=\"hidden\" name=\"_wpcf7_version\" value=\"5.8.7\" \/><br \/>\n<input type=\"hidden\" name=\"_wpcf7_locale\" value=\"es_ES\" \/><br \/>\n<input type=\"hidden\" name=\"_wpcf7_unit_tag\" value=\"wpcf7-f259-o1\" \/><br \/>\n<input type=\"hidden\" name=\"_wpcf7_container_post\" value=\"0\" \/><br \/>\n<input type=\"hidden\" name=\"_wpcf7_posted_data_hash\" value=\"\" \/><br \/>\n<input type=\"hidden\" name=\"_wpcf7_recaptcha_response\" value=\"\" \/><\/p>\n<p><label> Nom i\/o empresa*<br \/>\n<input size=\"40\" autocomplete=\"name\" aria-required=\"true\" aria-invalid=\"false\" value=\"\" type=\"text\" name=\"your-name\" \/> <\/label>\n<\/p>\n<p><label> Correu electr\u00f2nic*<br \/>\n<input size=\"40\" autocomplete=\"email\" aria-required=\"true\" aria-invalid=\"false\" value=\"\" type=\"email\" name=\"your-email\" \/> <\/label>\n<\/p>\n<p><label> Tel\u00e8fon<br \/>\n<input size=\"40\" aria-invalid=\"false\" value=\"\" type=\"text\" name=\"telf\" \/> <\/label>\n<\/p>\n<p><label> Missatge<br \/>\n<textarea cols=\"40\" rows=\"10\" aria-invalid=\"false\" name=\"your-message\"><\/textarea> <\/label>\n<\/p>\n<p><label><input type=\"checkbox\" name=\"acceptance-652\" value=\"1\" aria-invalid=\"false\" \/>*Accepto la <a href=\"www.altimirenginyeria.com\/politica-de-privacitat\">pol\u00edtica de privacitat <\/a><\/label>\n<\/p>\n<p><input type=\"submit\" value=\"Enviar\" \/>\n<\/p>\n<\/form>\n<p>            <!-- aux-col-wrapper --><br \/>\n    <\/section>\n<p><!-- widget-container --><br \/>\n\t\t\t<iframe loading=\"lazy\"\n\t\t\t\t\tsrc=\"https:\/\/maps.google.com\/maps?q=C%2F%20Pau%20Casals%2C%203%20Girona&#038;t=m&#038;z=15&#038;output=embed&#038;iwloc=near\"\n\t\t\t\t\ttitle=\"C\/ Pau Casals, 3 Girona\"\n\t\t\t\t\taria-label=\"C\/ Pau Casals, 3 Girona\"\n\t\t\t><\/iframe><\/p>\n<section>\n<h4>DIRECCI\u00d3N<\/h4>\n<p>C\/ Pau Casals, 3 <br \/>17001 Girona<\/p>\n<\/section>\n<p><!-- widget-container -->\t\t<\/p>\n<section>\n<h4>CONT\u00c1CTANOS<\/h4>\n<p>info@altimiringenier\u00eda.com<\/p>\n<\/section>\n<p><!-- widget-container -->\t\t<\/p>\n<section>\n<h4>HORARIO OFICINA<\/h4>\n<p>Lunes &#8211; Viernes: <br \/>9.00ha 18.00h<\/p>\n<\/section>\n<p><!-- widget-container --><\/p>\n","protected":false},"excerpt":{"rendered":"<p>CONT\u00c1CTANOS Escr\u00edbenos para cualquier consulta Nom i\/o empresa* Correu electr\u00f2nic* Tel\u00e8fon Missatge *Accepto la pol\u00edtica de privacitat DIRECCI\u00d3N C\/ Pau Casals, 3 17001 Girona CONT\u00c1CTANOS info@altimiringenier\u00eda.com HORARIO OFICINA Lunes &#8211; Viernes: 9.00ha 18.00h<\/p>\n","protected":false},"author":1,"featured_media":0,"parent":0,"menu_order":0,"comment_status":"closed","ping_status":"closed","template":"","meta":{"_monsterinsights_skip_tracking":false,"_monsterinsights_sitenote_active":false,"_monsterinsights_sitenote_note":"","_monsterinsights_sitenote_category":0,"footnotes":""},"class_list":["post-608","page","type-page","status-publish","hentry"],"aioseo_notices":[],"_links":{"self":[{"href":"https:\/\/altimirenginyeria.com\/es\/wp-json\/wp\/v2\/pages\/608","targetHints":{"allow":["GET"]}}],"collection":[{"href":"https:\/\/altimirenginyeria.com\/es\/wp-json\/wp\/v2\/pages"}],"about":[{"href":"https:\/\/altimirenginyeria.com\/es\/wp-json\/wp\/v2\/types\/page"}],"author":[{"embeddable":true,"href":"https:\/\/altimirenginyeria.com\/es\/wp-json\/wp\/v2\/users\/1"}],"replies":[{"embeddable":true,"href":"https:\/\/altimirenginyeria.com\/es\/wp-json\/wp\/v2\/comments?post=608"}],"version-history":[{"count":6,"href":"https:\/\/altimirenginyeria.com\/es\/wp-json\/wp\/v2\/pages\/608\/revisions"}],"predecessor-version":[{"id":1190,"href":"https:\/\/altimirenginyeria.com\/es\/wp-json\/wp\/v2\/pages\/608\/revisions\/1190"}],"wp:attachment":[{"href":"https:\/\/altimirenginyeria.com\/es\/wp-json\/wp\/v2\/media?parent=608"}],"curies":[{"name":"wp","href":"https:\/\/api.w.org\/{rel}","templated":true}]}}