{"id":611,"date":"2023-06-15T09:06:27","date_gmt":"2023-06-15T09:06:27","guid":{"rendered":"https:\/\/altimirenginyeria.com\/aviso-legal\/"},"modified":"2024-11-06T12:36:32","modified_gmt":"2024-11-06T12:36:32","slug":"aviso-legal","status":"publish","type":"page","link":"https:\/\/altimirenginyeria.com\/es\/aviso-legal\/","title":{"rendered":"Aviso legal"},"content":{"rendered":"\t\t<div data-elementor-type=\"wp-page\" data-elementor-id=\"611\" class=\"elementor elementor-611 elementor-332\">\n\t\t\t\t\t\t<section class=\"elementor-section elementor-top-section elementor-element elementor-element-7131eb32 elementor-section-boxed elementor-section-height-default elementor-section-height-default\" data-id=\"7131eb32\" data-element_type=\"section\">\n\t\t\t\t\t\t<div class=\"elementor-container elementor-column-gap-default\">\n\t\t\t\t\t<div class=\"aux-parallax-section elementor-column elementor-col-100 elementor-top-column elementor-element elementor-element-46bcb197\" data-id=\"46bcb197\" data-element_type=\"column\">\n\t\t\t<div class=\"elementor-widget-wrap elementor-element-populated\">\n\t\t\t\t\t\t<div class=\"elementor-element elementor-element-54242682 elementor-widget elementor-widget-text-editor\" data-id=\"54242682\" data-element_type=\"widget\" data-widget_type=\"text-editor.default\">\n\t\t\t\t<div class=\"elementor-widget-container\">\n\t\t\t\t\t\t\t\t\t\n<p><strong>Objeto y aceptaci\u00f3n<\/strong><\/p>\n\n<p>El presente AVISO legal regula el uso de nuestra web, de la que es titular JUAN ALTIMIR ALONSO. La navegaci\u00f3n por la p\u00e1gina web de JUAN ALTIMIR ALONSO atribuye la condici\u00f3n de usuario del mismo e implica la total aceptaci\u00f3n y sin reservas de todas y cada una de las disposiciones incluidas en este Aviso Legal, que pueden sufrir modificaciones. Se requiere hacer un uso correcto del sitio web de conformidad con las leyes, buena fe, orden p\u00fablico, usos del tr\u00e1fico y el presente Aviso Legal. Le responder\u00e1 ante JUAN ALTIMIR ALONSO o frente a terceros, de cualquier da\u00f1o y perjuicio que pueda ocasionarse como consecuencia del incumplimiento de esta obligaci\u00f3n.<\/p>\n\n<p><strong>Identificaci\u00f3n y comunicaciones<\/strong><\/p>\n\n<p>JUAN ALTIMIR ALONSO, en cumplimiento de la Ley 34\/2002, de 11 de julio, de servicios de la sociedad de la informaci\u00f3n y de comercio electr\u00f3nico, informa que:<\/p>\n\n<p>Su denominaci\u00f3n social es: JUAN ALTIMIR ALONSO<\/p>\n\n<p>Su CIF es: 40316822F<\/p>\n\n<p>Su domicilio social est\u00e1 en: C\/ PAU CASALS 3 &#8211; 17001 GIRONA<\/p>\n\n<p>Para comunicarse con nosotros, ponemos a su disposici\u00f3n diferentes medios de contacto especificados en la pol\u00edtica de privacidad.<\/p>\n\n<p>Todas las notificaciones y comunicaciones que se realicen con JUAN ALTIMIR ALONSO se considerar\u00e1n efectivas, a todos los efectos, siempre que se realicen por medios especificados anteriormente<\/p>\n\n<p><strong>Condiciones de acceso y utilizaci\u00f3n<\/strong><\/p>\n\n<p>La web y sus servicios son de libre acceso, no obstante, JUAN ALTIMIR ALONSO condiciona la utilizaci\u00f3n de algunos de los servicios ofrecidos en su web al previo cumplimiento del correspondiente formulario.<\/p>\n\n<p>Usted garantiza la autenticidad y actualidad de todos aquellos datos que comunicar\u00e1 a JUAN ALTIMIR ALONSO y ser\u00e1 el \u00fanico responsable de las manifestaciones falsas o inexactas que realice.<\/p>\n\n<p>Usted se compromete expresamente a hacer un uso adecuado de los contenidos y servicios de JUAN ALTIMIR ALONSO y no utilizarlos para, entre otros:<\/p>\n\n<ul>\n<li>Difundir contenidos, criminales, violentos, pornogr\u00e1ficos, racistas, xen\u00f3fobos, ofensivos, de apolog\u00eda del terrorismo o, en general, contrarios a la ley o al orden p\u00fablico.<\/li>\n\n<li>Introducir en la red inform\u00e1tica virus o realizar actuaciones susceptibles de alteraci\u00f3n, estropear, interrumpir o generar errores o da\u00f1os en los documentos electr\u00f3nicos, datos o sistemas f\u00edsicos y log\u00edsticos de JUAN ALTIMIR ALONSO o de terceras personas; as\u00ed como obstaculizar el acceso de otros usuarios al sitio web y sus servicios mediante el consumo masivo de los recursos inform\u00e1ticos a trav\u00e9s de los cuales JUAN ALTIMIR ALONSO presta sus servicios.<\/li>\n\n<li>Intentar acceder a datos de otras personas o \u00e1reas restringidas de los sistemas inform\u00e1ticos de JUAN ALTIMIR ALONSO o de terceros y, en su caso, extraer informaci\u00f3n.<\/li>\n\n<li>Vulnerar los derechos de propiedad intelectual o industrial, as\u00ed como violar la confidencialidad de la informaci\u00f3n de JUAN ALTIMIR ALONSO o de terceros.<\/li>\n\n<li>Sustituir la identidad de otro usuario, de las administraciones p\u00fablicas o de un tercero.<\/li>\n\n<li>Reproducir, copiar, distribuir, poner a disposici\u00f3n o de cualquier otra forma comunicarse p\u00fablicamente, transformar o modificar los contenidos, a menos que se cuente con la autorizaci\u00f3n del titular de los correspondientes derechos o sea legalmente permitido.<\/li>\n\n<li>Recopilar datos con finalidad publicitaria y remitir publicidad de cualquier clase y comunicaciones con fines de venta u otros de naturaleza comercial sin previa solicitud o consentimiento.<\/li>\n<\/ul>\n\n<p>Todos los contenidos del sitio web, como textos, fotograf\u00edas, gr\u00e1ficos, im\u00e1genes, iconos, tecnolog\u00eda, software, as\u00ed como su dise\u00f1o gr\u00e1fico y c\u00f3digo fuente, constituyen una obra cuya propiedad pertenece a JUAN ALTIMIR ALONSO, sin que pueda entenderse como cedidos ninguno de los derechos de explotaci\u00f3n sobre los mismos m\u00e1s all\u00e1 de lo que estrictamente sea necesario para el correcto uso de la web.<\/p>\n\n<p>En definitiva, usted que accede a esta web, puede visualizar los contenidos y efectuar, en su caso, copias privadas autorizadas siempre que los elementos reproducidos no se cedan posteriormente a terceros, ni se instalen en servidores conectados a redes, ni sean objeto de ning\u00fan tipo de explotaci\u00f3n.<\/p>\n\n<p>Asimismo, todas las marcas, nombres comerciales o signos distintivos de cualquier clase que aparezcan en el sitio web son propiedad de JUAN ALTIMIR ALONSO, sin que pueda entenderse que su uso o acceso le atribuye alg\u00fan derecho sobre los mismos.<\/p>\n\n<p>La distribuci\u00f3n, modificaci\u00f3n, cesi\u00f3n o comunicaci\u00f3n p\u00fablica de los contenidos y cualquier otro acto que no haya sido expresamente autorizado por el titular de los derechos de explotaci\u00f3n quedar\u00e1n prohibidos.<\/p>\n\n<p>El establecimiento de un h\u00edper-enlace no implica en ning\u00fan caso la existencia de relaciones entre JUAN ALTIMIR ALONSO y el propietario de la web en la que se establezca, ni la aceptaci\u00f3n y aprobaci\u00f3n por parte de JUAN ALTIMIR ALONSO de sus contenidos o servicios. Aquellas personas que se propongan establecer un h\u00edper-enlace previamente tendr\u00e1n que solicitar la autorizaci\u00f3n por escrito a JUAN ALTIMIR ALONSO. En cualquier caso, el h\u00edper-enlace s\u00f3lo permitir\u00e1 el acceso a la p\u00e1gina de inicio o p\u00e1gina de inicio de nuestra web, adem\u00e1s de abstenerse de realizar manifestaciones o indicaciones falsas, inexactas o incorrectas sobre JUAN ALTIMIR ALONSO , o incluir contenidos il\u00edcitos, contrarios a las buenas costumbres y al orden p\u00fablico.<\/p>\n\n<p>JUAN ALTIMIR ALONSO no se responsabiliza del uso que cada usuario le asigne a los materiales puestos a disposici\u00f3n en esta web ni de las actuaciones que realice en base a los mismos.<\/p>\n\n<p><strong>Exclusi\u00f3n de garant\u00edas y de responsabilidad<\/strong><\/p>\n\n<p>JUAN ALTIMIR ALONSO excluye, hasta donde permite el ordenamiento jur\u00eddico, cualquier responsabilidad por los da\u00f1os y perjuicios de toda naturaleza derivados de:<\/p>\n\n<p>La imposibilidad de acceso a la web o la falta de veracidad, exactitud, exhaustividad y\/o actualidad de los contenidos, as\u00ed como la existencia de costumbres y defectos de toda clase de contenidos transmitidos, difundidos, almacenados, puestos a disposici\u00f3n a los que se ha accedido a trav\u00e9s del sitio web o de los servicios que se ofrecen.<\/p>\n\n<p>La presencia de virus u otros elementos en los contenidos que puedan producir alteraciones en los sistemas inform\u00e1ticos, documentos electr\u00f3nicos o datos de los usuarios.<\/p>\n\n<p>El incumplimiento de las leyes, buena fe, orden p\u00fablico, usos del tr\u00e1fico y el presente aviso legal como consecuencia del uso incorrecto del sitio web. En concreto, ya como ejemplo, INFORMATICA LLU\u00c7ANES SL no se hace responsable de las actuaciones de terceros que vulneren derechos de propiedad intelectual e industrial, secreto empresariales, derechos al honor, a la intimidad personal y familiar ya la propia imagen , as\u00ed como la normativa en materia de competencia desleal y publicidad il\u00edcita.<\/p>\n\n<p>Asimismo, JUAN ALTIMIR ALONSO declina cualquier responsabilidad respecto a la informaci\u00f3n que se encuentra fuera de esta web y no es gestionada directamente por nuestra web master. La funci\u00f3n de los enlaces que aparecen en esta web es exclusivamente la de informar al usuario sobre la existencia de otras fuentes susceptibles de ampliar los contenidos ofrecidos por esta web. JUAN ALTIMIR ALONSO no garantiza ni se responsabiliza del funcionamiento o accesibilidad de los sitios enlazados; no sugiere, invita o recomienda la visita a los mismos, por lo que tampoco ser\u00e1 responsable del resultado obtenido. JUAN ALTIMIR ALONSO no se responsabiliza del establecimiento de hiperv\u00ednculos por parte de terceros.<\/p>\n\n<p><strong>Procedimiento en caso de realizaci\u00f3n de actividades de car\u00e1cter il\u00edcito<\/strong><\/p>\n\n<p>En caso de que usted o un tercero considere que existen hechos o circunstancias que revelan el car\u00e1cter il\u00edcito de la utilizaci\u00f3n de cualquier contenido y\/o de la realizaci\u00f3n de cualquier actividad en las p\u00e1ginas web incluidas o accesibles a trav\u00e9s de la p\u00e1gina web, deben ponerse en contacto con JUAN ALTIMIR ALONSO identific\u00e1ndose adecuadamente, especificando las supuestas infracciones y declarando expresamente y bajo su responsabilidad que la informaci\u00f3n proporcionada en la notificaci\u00f3n es exacta.<\/p>\n\n<p>Para toda cuesti\u00f3n litigiosa que se refiera al sitio web de JUAN ALTIMIR ALONSO, ser\u00e1 de aplicaci\u00f3n la legislaci\u00f3n espa\u00f1ola, siendo competentes los Juzgados y Tribunales m\u00e1s cercanos a la sede de (Espa\u00f1a).<\/p>\n\n<p><strong>Publicaciones<\/strong><\/p>\n\n<p>La informaci\u00f3n administrada facilitada a trav\u00e9s del sitio web no sustituye a la publicidad legal de las leyes, normativas, planes, disposiciones generales y actas que deban ser publicados formalmente en los diarios oficiales de las administraciones p\u00fablicas, que constituyen el \u00fanico instrumento que da fe de la su autenticidad y contenido. La informaci\u00f3n disponible en este sitio web debe ser entendida como una gu\u00eda sin prop\u00f3sito de validez legal.<\/p>\n\t\t\t\t\t\t\t\t<\/div>\n\t\t\t\t<\/div>\n\t\t\t\t\t<\/div>\n\t\t<\/div>\n\t\t\t\t\t<\/div>\n\t\t<\/section>\n\t\t\t\t<\/div>\n\t\t","protected":false},"excerpt":{"rendered":"<p>Objeto y aceptaci\u00f3n El presente AVISO legal regula el uso de nuestra web, de la que es titular JUAN ALTIMIR ALONSO. La navegaci\u00f3n por la p\u00e1gina web de JUAN ALTIMIR ALONSO atribuye la condici\u00f3n de usuario del mismo e implica la total aceptaci\u00f3n y sin reservas de todas y cada una de las disposiciones incluidas [&hellip;]<\/p>\n","protected":false},"author":1,"featured_media":0,"parent":0,"menu_order":0,"comment_status":"closed","ping_status":"open","template":"","meta":{"_monsterinsights_skip_tracking":false,"_monsterinsights_sitenote_active":false,"_monsterinsights_sitenote_note":"","_monsterinsights_sitenote_category":0,"footnotes":""},"class_list":["post-611","page","type-page","status-publish","hentry"],"aioseo_notices":[],"_links":{"self":[{"href":"https:\/\/altimirenginyeria.com\/es\/wp-json\/wp\/v2\/pages\/611","targetHints":{"allow":["GET"]}}],"collection":[{"href":"https:\/\/altimirenginyeria.com\/es\/wp-json\/wp\/v2\/pages"}],"about":[{"href":"https:\/\/altimirenginyeria.com\/es\/wp-json\/wp\/v2\/types\/page"}],"author":[{"embeddable":true,"href":"https:\/\/altimirenginyeria.com\/es\/wp-json\/wp\/v2\/users\/1"}],"replies":[{"embeddable":true,"href":"https:\/\/altimirenginyeria.com\/es\/wp-json\/wp\/v2\/comments?post=611"}],"version-history":[{"count":7,"href":"https:\/\/altimirenginyeria.com\/es\/wp-json\/wp\/v2\/pages\/611\/revisions"}],"predecessor-version":[{"id":1196,"href":"https:\/\/altimirenginyeria.com\/es\/wp-json\/wp\/v2\/pages\/611\/revisions\/1196"}],"wp:attachment":[{"href":"https:\/\/altimirenginyeria.com\/es\/wp-json\/wp\/v2\/media?parent=611"}],"curies":[{"name":"wp","href":"https:\/\/api.w.org\/{rel}","templated":true}]}}