{"id":615,"date":"2023-06-14T07:49:13","date_gmt":"2023-06-14T07:49:13","guid":{"rendered":"https:\/\/altimirenginyeria.com\/politica-de-privacidad\/"},"modified":"2024-11-06T12:37:46","modified_gmt":"2024-11-06T12:37:46","slug":"politica-de-privacidad","status":"publish","type":"page","link":"https:\/\/altimirenginyeria.com\/es\/politica-de-privacidad\/","title":{"rendered":"Pol\u00edtica de privacidad"},"content":{"rendered":"\t\t<div data-elementor-type=\"wp-page\" data-elementor-id=\"615\" class=\"elementor elementor-615 elementor-3\">\n\t\t\t\t\t\t<section class=\"elementor-section elementor-top-section elementor-element elementor-element-4d7fa859 elementor-section-boxed elementor-section-height-default elementor-section-height-default\" data-id=\"4d7fa859\" data-element_type=\"section\">\n\t\t\t\t\t\t<div class=\"elementor-container elementor-column-gap-default\">\n\t\t\t\t\t<div class=\"aux-parallax-section elementor-column elementor-col-100 elementor-top-column elementor-element elementor-element-6afeb74\" data-id=\"6afeb74\" data-element_type=\"column\">\n\t\t\t<div class=\"elementor-widget-wrap elementor-element-populated\">\n\t\t\t\t\t\t<div class=\"elementor-element elementor-element-95b4731 elementor-widget elementor-widget-text-editor\" data-id=\"95b4731\" data-element_type=\"widget\" data-widget_type=\"text-editor.default\">\n\t\t\t\t<div class=\"elementor-widget-container\">\n\t\t\t\t\t\t\t\t\t\n<p><strong>Informaci\u00f3n sobre Protecci\u00f3n de Datos<\/strong><\/p>\n\n<p>Datos relativos al Responsable<\/p>\n\n<p>Tratamiento responsable<\/p>\n\n<p>Empresa: JUAN ALTIMIR ALONSO &#8211; 40316822F<\/p>\n\n<p>Direcci\u00f3n: C\/ PAU CASALS 3 -17001 GIRONA<\/p>\n\n<p>Contacto: administracio@altimirenginyeria.com<\/p>\n\n<p>Delegado de Protecci\u00f3n de Datos<\/p>\n\n<p>N\u00famero: Juan<\/p>\n\n<p>Contacto: administracio@altimirenginyeria.com<\/p>\n\n<p><strong>Finalidades<\/strong><\/p>\n\n<p>En cumplimiento de lo dispuesto en el Reglamento Europeo 2016\/679 General de Protecci\u00f3n de Datos, le informamos que, dependiendo de la relaci\u00f3n que tenga con nosotros, en JUAN ALTIMIR ALONSO tratamos los datos que nos facilita para alguna, o todas, las siguientes finalidades :<\/p>\n\n<p>Archivo \/ historial de trabajadores y trabajadores de la empresa<\/p>\n\n<p>Compra \/ venta de art\u00edculos y servicios.<\/p>\n\n<p>Control y supervisi\u00f3n de la eficiencia y calidad de la entidad<\/p>\n\n<p>Control y vigilancia de acceso a sitios<\/p>\n\n<p>Coordinaci\u00f3n de actividades empresariales<\/p>\n\n<p>Creaci\u00f3n de contratos, confecci\u00f3n de n\u00f3minas y otras tareas relacionadas<\/p>\n\n<p>Env\u00edo de informaci\u00f3n comercial de la entidad mediante correo postal, correo electr\u00f3nico u otros<\/p>\n\n<p>Formaci\u00f3n<\/p>\n\n<p>Gesti\u00f3n contable, administrativa, de facturaci\u00f3n, de cobros y pagos<\/p>\n\n<p>Mantenimiento de la relaci\u00f3n laboral y contra-prestaci\u00f3n por los trabajos realizados<\/p>\n\n<p>Darle un servicio<\/p>\n\n<p>Publicaci\u00f3n en datos de car\u00e1cter personal en las distintas redes sociales u otros m\u00e9todos de publicaci\u00f3n<\/p>\n\n<p>Realizaci\u00f3n de cobro mediante TPV<\/p>\n\n<p>Realizaci\u00f3n de un curso\/formaci\u00f3n a trav\u00e9s de la p\u00e1gina web\/plataforma.<\/p>\n\n<p>Recepci\u00f3n de la prestaci\u00f3n de un servicio<\/p>\n\n<p>Registro de cursos \/ formaciones realizadas<\/p>\n\n<p>Seguridad de la entidad.<\/p>\n\n<p>Servicio postventa y fidelizaci\u00f3n<\/p>\n\n<p>Tramitaci\u00f3n de altas y bajas por enfermedad o accidente laboral<\/p>\n\n<p>Tramitaci\u00f3n de presupuestos<\/p>\n\n<p>Tratamiento de datos para cursos y formaciones<\/p>\n\n<p>Utilizaci\u00f3n de datos derivados de las actividades de la empresa<\/p>\n\n<p><strong>Plazo de conservaci\u00f3n de la informaci\u00f3n<\/strong><\/p>\n\n<p>Sus datos ser\u00e1n conservados durante la duraci\u00f3n de la relaci\u00f3n contractual, comercial o de otro tipo con nuestra entidad, solicitar su supresi\u00f3n, as\u00ed como el tiempo necesario para cumplir con las obligaciones legales.<\/p>\n\n<p><strong>Legitimaci\u00f3n<\/strong><\/p>\n\n<p>La base legal para el tratamiento de sus datos radica por:<\/p>\n\n<p>Consentimiento inequ\u00edvoco<\/p>\n\n<p>Ejecuci\u00f3n de un contrato<\/p>\n\n<p>Inter\u00e9s leg\u00edtimo por parte del responsable del tratamiento<\/p>\n\n<p>Proteger el inter\u00e9s vital de un afectado<\/p>\n\n<p><strong>Destinatarios<\/strong><\/p>\n\n<p>Sus datos personales ser\u00e1n comunicados a terceros en los siguientes supuestos:<\/p>\n\n<p>A otros responsables del tratamiento<\/p>\n\n<p>Administraci\u00f3n Tributaria<\/p>\n\n<p>Agencia de Seguridad<\/p>\n\n<p>Bancos y entidades financieras<\/p>\n\n<p>Encargados de destrucci\u00f3n de documentaci\u00f3n<\/p>\n\n<p>Entidades de Consultor\u00eda \/ Auditor\u00eda<\/p>\n\n<p>Entidades de formaci\u00f3n<\/p>\n\n<p>Entidades de publicidad y marketing<\/p>\n\n<p>Entidades inform\u00e1ticas de mantenimiento de software y hardware<\/p>\n\n<p>Gestor\u00eda \/ Asesor\u00eda<\/p>\n\n<p>Seguridad social<\/p>\n\n<p>Servicio de Prevenci\u00f3n de Riesgos Laborales<\/p>\n\n<p><strong>Derechos<\/strong><\/p>\n\n<p>Tienes derecho a obtener la confirmaci\u00f3n sobre si en JUAN ALTIMIR ALONSO estamos tratando datos personales que le interesan, o no.<\/p>\n\n<p>Asimismo, tiene derecho de acceso a sus datos personales, as\u00ed como solicitar la rectificaci\u00f3n de los datos inexactos o, en su caso, solicitar su supresi\u00f3n cuando, entre otros motivos, los datos ya no son necesarios para los fines que se recogieron.<\/p>\n\n<p>En determinadas circunstancias, podr\u00e1 solicitarse la limitaci\u00f3n del tratamiento de sus datos, en caso de que s\u00f3lo se conservar\u00e1n por el ejercicio o la defensa de reclamaciones.<\/p>\n\n<p>Adicionalmente, en determinadas circunstancias y por motivos relacionados con su situaci\u00f3n particular, podr\u00e1 ejercer el derecho de oposici\u00f3n al tratamiento de sus datos. JUAN ALTIMIR ALONSO dejar\u00e1 de tratar los datos, salvo por motivos leg\u00edtimos imperativos, o el ejercicio o defensa de posibles reclamaciones.<\/p>\n\n<p>Asimismo, podr\u00e1 ejercerse el derecho a la portabilidad de datos, as\u00ed como retirar los consentimientos facilitados en cualquier momento, sin que ello afecte a la legalidad del tratamiento basada en el consentimiento previo a su retirada.<\/p>\n\n<p>Alternativamente, tambi\u00e9n puede dirigirse a nosotros mediante correo postal a la siguiente direcci\u00f3n: C\/ JOAQUIM VAYREDA 63 ENT C &#8211; 17001 GIRONA adjuntando una fotocopia del DNI, para la verificaci\u00f3n de su identidad. Recuerde facilitar la \u00faltima informaci\u00f3n posible sobre su solicitud: Nombre y apellidos, direcci\u00f3n de direcci\u00f3n electr\u00f3nica que se utiliza para la direcci\u00f3n o portal objeto de su solicitud.<\/p>\n\n<p>Por \u00faltimo, le informamos que puede dirigirse ante la Agencia Espa\u00f1ola de Protecci\u00f3n de Datos y otros organismos p\u00fablicos competentes para cualquier reclamaci\u00f3n derivada del tratamiento de sus datos personales.<\/p>\n\n<p><strong>Pol\u00edtica de cookies<\/strong><\/p>\n\n<p>Para conocer las cookies que utilizamos en nuestra p\u00e1gina, recuerde que puede acceder a nuestra Pol\u00edtica de Cookies a trav\u00e9s del siguiente enlace pol\u00edtica de cookies.<\/p>\n\t\t\t\t\t\t\t\t<\/div>\n\t\t\t\t<\/div>\n\t\t\t\t\t<\/div>\n\t\t<\/div>\n\t\t\t\t\t<\/div>\n\t\t<\/section>\n\t\t\t\t<\/div>\n\t\t","protected":false},"excerpt":{"rendered":"<p>Informaci\u00f3n sobre Protecci\u00f3n de Datos Datos relativos al Responsable Tratamiento responsable Empresa: JUAN ALTIMIR ALONSO &#8211; 40316822F Direcci\u00f3n: C\/ PAU CASALS 3 -17001 GIRONA Contacto: administracio@altimirenginyeria.com Delegado de Protecci\u00f3n de Datos N\u00famero: Juan Contacto: administracio@altimirenginyeria.com Finalidades En cumplimiento de lo dispuesto en el Reglamento Europeo 2016\/679 General de Protecci\u00f3n de Datos, le informamos que, dependiendo [&hellip;]<\/p>\n","protected":false},"author":1,"featured_media":0,"parent":0,"menu_order":0,"comment_status":"closed","ping_status":"open","template":"","meta":{"_monsterinsights_skip_tracking":false,"_monsterinsights_sitenote_active":false,"_monsterinsights_sitenote_note":"","_monsterinsights_sitenote_category":0,"footnotes":""},"class_list":["post-615","page","type-page","status-publish","hentry"],"aioseo_notices":[],"_links":{"self":[{"href":"https:\/\/altimirenginyeria.com\/es\/wp-json\/wp\/v2\/pages\/615","targetHints":{"allow":["GET"]}}],"collection":[{"href":"https:\/\/altimirenginyeria.com\/es\/wp-json\/wp\/v2\/pages"}],"about":[{"href":"https:\/\/altimirenginyeria.com\/es\/wp-json\/wp\/v2\/types\/page"}],"author":[{"embeddable":true,"href":"https:\/\/altimirenginyeria.com\/es\/wp-json\/wp\/v2\/users\/1"}],"replies":[{"embeddable":true,"href":"https:\/\/altimirenginyeria.com\/es\/wp-json\/wp\/v2\/comments?post=615"}],"version-history":[{"count":7,"href":"https:\/\/altimirenginyeria.com\/es\/wp-json\/wp\/v2\/pages\/615\/revisions"}],"predecessor-version":[{"id":1199,"href":"https:\/\/altimirenginyeria.com\/es\/wp-json\/wp\/v2\/pages\/615\/revisions\/1199"}],"wp:attachment":[{"href":"https:\/\/altimirenginyeria.com\/es\/wp-json\/wp\/v2\/media?parent=615"}],"curies":[{"name":"wp","href":"https:\/\/api.w.org\/{rel}","templated":true}]}}