{"id":876,"date":"2023-11-22T11:24:46","date_gmt":"2023-11-22T11:24:46","guid":{"rendered":"https:\/\/altimirenginyeria.com\/prova-home\/"},"modified":"2023-11-22T11:24:46","modified_gmt":"2023-11-22T11:24:46","slug":"prova-home","status":"publish","type":"page","link":"https:\/\/altimirenginyeria.com\/es\/prova-home\/","title":{"rendered":"Prova home"},"content":{"rendered":"<section>\n<h1>BENVINGUTS A <\/h1>\n<h3>Altimir Enginyeria <\/h3>\n<p>Despatx d&#8217;enginyeria multidisciplinar situat a Girona<\/p>\n<\/section>\n<p>\t\t\t<a href=\"http:\/\/altimirenginyeria.com\/sobre-nosaltres\/\" target=\"_self\" rel=\"noopener\">LLEGEIX M\u00c9S<\/a>\t\t<\/p>\n<section>\n<h1>ALTIMIR ENGINYERIA<\/h1>\n<h3>Serveis<\/h3>\n<\/section>\n<section>\n<h4>Sector comercial i serveis<\/h4>\n<p>Gesti\u00f3 integral de tot tipus de projectes d&#8217;obra i reforma, llic\u00e8ncies d&#8217;activitat i ambientals&#8230;<\/p>\n<p>                <a href=\"http:\/\/altimirenginyeria.com\/serveis\/#comercial\" target=\"_self\" rel=\"noopener\">Llegeix m\u00e9s<\/a><br \/>\n<\/section>\n<p><!-- widget-container -->\t\t<\/p>\n<section>\n<h4>Sector industrial<\/h4>\n<p>Creaci\u00f3 d&#8217;expedients CE, importaci\u00f3 de m\u00e0quines, auditories de seguretat, RD1215\/97&#8230;<\/p>\n<p>                <a href=\"http:\/\/altimirenginyeria.com\/serveis\/#industrial\" target=\"_self\" rel=\"noopener\">Llegeix m\u00e9s<\/a><br \/>\n<\/section>\n<p><!-- widget-container -->\t\t<\/p>\n<section>\n<h4>Altres<\/h4>\n<p>Assessorament en energia solar, electricitat industrial, certificaci\u00f3 d&#8217;estructures&#8230;<\/p>\n<p>                <a href=\"http:\/\/altimirenginyeria.com\/serveis\/#altres\" target=\"_self\" rel=\"noopener\">Llegeix m\u00e9s<\/a><br \/>\n<\/section>\n<p><!-- widget-container --><br \/>\n\t\t\t<a href=\"http:\/\/altimirenginyeria.com\/serveis\/\" target=\"_self\" rel=\"noopener\">SERVEIS<\/a>\t\t<\/p>\n<section>\n<h1>ALTIMIR ENGINYERIA<\/h1>\n<h3>Sobre nosaltres<\/h3>\n<\/section>\n<ul>\n<li>\n\t\t\t\t\t\t\t\t\t\tExperi\u00e8ncia i innovaci\u00f3\n\t\t\t\t\t\t\t\t\t<\/li>\n<li>\n\t\t\t\t\t\t\t\t\t\tServei de qualitat i personalitzaci\u00f3\n\t\t\t\t\t\t\t\t\t<\/li>\n<\/ul>\n<section style=\"\" >\n<h4>Qualitat<\/h4>\n<p>90%<\/section>\n<p><!-- widget-container -->\t\t<\/p>\n<section style=\"\" >\n<h4>Proximitat<\/h4>\n<p>85%<\/section>\n<p><!-- widget-container -->\t\t<\/p>\n<section style=\"\" >\n<h4>Experi\u00e8ncia <\/h4>\n<p>80%<\/section>\n<p><!-- widget-container --><br \/>\n\t\t\t<a href=\"http:\/\/altimirenginyeria.com\/sobre-nosaltres\/\" target=\"_self\" rel=\"noopener\">LLEGEIX M\u00c9S<\/a>\t\t<\/p>\n<section>\n            <img fetchpriority=\"high\" decoding=\"async\" width=\"780\" height=\"650\" src=\"image\/gif;base64,R0lGODlhAQABAIAAAAAAAP\/\/\/yH5BAEAAAAALAAAAAABAAEAAAIBRAA7\" alt=\"inici_2\" data-ratio=\"1.2\" data-original-w=\"2560\" sizes=\"auto\" data-srcset=\"https:\/\/altimirenginyeria.com\/wp-content\/uploads\/2023\/10\/inici_2-scaled-150x125.jpg 150w,https:\/\/altimirenginyeria.com\/wp-content\/uploads\/2023\/10\/inici_2-scaled-300x250.jpg 300w,https:\/\/altimirenginyeria.com\/wp-content\/uploads\/2023\/10\/inici_2-scaled-768x640.jpg 768w,https:\/\/altimirenginyeria.com\/wp-content\/uploads\/2023\/10\/inici_2-scaled-1024x853.jpg 1024w,https:\/\/altimirenginyeria.com\/wp-content\/uploads\/2023\/10\/inici_2-scaled-780x650.jpg 780w\" data-src=\"https:\/\/altimirenginyeria.com\/wp-content\/uploads\/2023\/10\/inici_2-scaled-780x650.jpg\" \/><br \/>\n<\/section>\n<p><!-- widget-container -->\t\t<\/p>\n<section>\n<h1>ALTIMIR ENGINYERIA<\/h1>\n<h3>Projectes<\/h3>\n<\/section>\n<section style=\"\" ><svg width=\"100%\" height=\"100%\" viewBox=\"0 0 42 42\"><circle r=\"20\" cx=\"21\" cy=\"21\" fill=\"none\"><\/circle><circle r=\"20\" cx=\"21\" cy=\"21\" fill=\"none\" transform=\"rotate(-90 21 21)\"><\/circle><\/svg>                         <\/p>\n<article >\n                                    <a href=\"https:\/\/altimirenginyeria.com\/es\/portfolio\/certificado-cumplimiento-rd1215-97-por-fgc\/\"><img decoding=\"async\" width=\"506\" height=\"666\" src=\"https:\/\/altimirenginyeria.com\/wp-content\/uploads\/2023\/11\/altimir-enginyeria-girona-rd1215-97-fgc-667x667.jpg\" alt=\"altimir-enginyeria-girona-rd1215-97-fgc.\" srcset=\"https:\/\/altimirenginyeria.com\/wp-content\/uploads\/2023\/11\/altimir-enginyeria-girona-rd1215-97-fgc-150x150.jpg 150w,https:\/\/altimirenginyeria.com\/wp-content\/uploads\/2023\/11\/altimir-enginyeria-girona-rd1215-97-fgc-300x300.jpg 300w,https:\/\/altimirenginyeria.com\/wp-content\/uploads\/2023\/11\/altimir-enginyeria-girona-rd1215-97-fgc-667x667.jpg 506w,https:\/\/altimirenginyeria.com\/wp-content\/uploads\/2023\/11\/altimir-enginyeria-girona-rd1215-97-fgc-496x496.jpg 496w\" data-ratio=\"1\" data-original-w=\"506\" sizes=\"(max-width:479px) 480px,(max-width:767px) 768px,(max-width:1023px) 1024px,506px\" \/><\/a>                                <\/p>\n<header>\n<h3>\n                                            <a href=\"https:\/\/altimirenginyeria.com\/es\/portfolio\/certificado-cumplimiento-rd1215-97-por-fgc\/\"><br \/>\n                                                Certificat compliment RD1215\/97 per FGC                                            <\/a><br \/>\n                                        <\/h3>\n<\/header>\n<p>                                                                                        <a href=\"https:\/\/altimirenginyeria.com\/es\/portfolio-cat\/industrial-es\/\" title=\"View all posts in Industrial\" rel=\"category\" >Industrial<\/a><br \/>\n                        <\/article>\n<article >\n                                    <a href=\"https:\/\/altimirenginyeria.com\/es\/portfolio\/certificado-cumplimiento-rd1215-97\/\"><img decoding=\"async\" width=\"666\" height=\"666\" src=\"https:\/\/altimirenginyeria.com\/wp-content\/uploads\/2023\/11\/altimir-enginyeria-girona-rd1215-97-pegamo-667x667.jpg\" alt=\"altimir-enginyeria-girona-rd1215-97-pegamo\" srcset=\"https:\/\/altimirenginyeria.com\/wp-content\/uploads\/2023\/11\/altimir-enginyeria-girona-rd1215-97-pegamo-150x150.jpg 150w,https:\/\/altimirenginyeria.com\/wp-content\/uploads\/2023\/11\/altimir-enginyeria-girona-rd1215-97-pegamo-300x300.jpg 300w,https:\/\/altimirenginyeria.com\/wp-content\/uploads\/2023\/11\/altimir-enginyeria-girona-rd1215-97-pegamo-768x768.jpg 768w,https:\/\/altimirenginyeria.com\/wp-content\/uploads\/2023\/11\/altimir-enginyeria-girona-rd1215-97-pegamo-667x667.jpg 667w,https:\/\/altimirenginyeria.com\/wp-content\/uploads\/2023\/11\/altimir-enginyeria-girona-rd1215-97-pegamo-890x890.jpg 890w\" data-ratio=\"1\" data-original-w=\"900\" sizes=\"(max-width:479px) 480px,(max-width:767px) 768px,(max-width:1023px) 1024px,667px\" \/><\/a>                                <\/p>\n<header>\n<h3>\n                                            <a href=\"https:\/\/altimirenginyeria.com\/es\/portfolio\/certificado-cumplimiento-rd1215-97\/\"><br \/>\n                                                Certificat compliment RD1215\/97                                            <\/a><br \/>\n                                        <\/h3>\n<\/header>\n<p>                                                                                        <a href=\"https:\/\/altimirenginyeria.com\/es\/portfolio-cat\/industrial-es\/\" title=\"View all posts in Industrial\" rel=\"category\" >Industrial<\/a><br \/>\n                        <\/article>\n<\/section>\n<p><!-- widget-container --><br \/>\n\t\t\t<a href=\"http:\/\/altimirenginyeria.com\/projectes\/\" target=\"_self\" rel=\"noopener\">PROJECTES<\/a>\t\t<\/p>\n<section>\n                                Enginy: esperit d&#8217;invenci\u00f3. Habilitat, aptesa, a trobar els mitjans d&#8217;aconseguir o d&#8217;executar alguna cosa. Giny.<\/p>\n<h4>Diccionari de l&#8217;Institut d&#8217;Estudis Catalans<\/h4>\n<\/section>\n<p><!-- widget-container -->\t\t<\/p>\n<section>\n            <img loading=\"lazy\" decoding=\"async\" width=\"1500\" height=\"1015\" src=\"image\/gif;base64,R0lGODlhAQABAIAAAAAAAP\/\/\/yH5BAEAAAAALAAAAAABAAEAAAIBRAA7\" alt=\"enginy-inici\" data-ratio=\"1.48\" data-original-w=\"1500\" data-src=\"https:\/\/altimirenginyeria.com\/wp-content\/uploads\/2023\/10\/enginy-inici.jpg\" \/><br \/>\n<\/section>\n<p><!-- widget-container -->\t\t<\/p>\n<section>\n<h1>ALTIMIR ENGINYERIA<\/h1>\n<h3>El nostre equip<\/h3>\n<\/section>\n<section>\n            <img loading=\"lazy\" decoding=\"async\" width=\"376\" height=\"420\" src=\"image\/gif;base64,R0lGODlhAQABAIAAAAAAAP\/\/\/yH5BAEAAAAALAAAAAABAAEAAAIBRAA7\" alt=\"siloueta\" data-ratio=\"0.9\" data-original-w=\"376\" data-src=\"https:\/\/altimirenginyeria.com\/wp-content\/uploads\/2023\/10\/siloueta.jpg\" \/>        <\/p>\n<h4><a href=\"https:\/\/altimirenginyeria.com\/es\/sobre-nosotros\/\"><br \/>\n            Joan Altimir<\/a><br \/>\n            <\/h4>\n<h5>Enginyer Mec\u00e0nic<\/h5>\n<ul>\n<li>\n                            <a href=\"https:\/\/www.linkedin.com\/in\/joanaltimir\/\" target=\"_blank\" rel=\"noopener\"><br \/>\n                            <\/a>\n                        <\/li>\n<\/ul>\n<\/section>\n<p><!-- widget-container -->\t\t<\/p>\n<section style=\"\" >\n<ul >\n<li ><a href=\"#\" ><\/a><\/li>\n<\/ul>\n<\/section>\n<p><!-- widget-container -->\t\t<\/p>\n<section>\n            <img loading=\"lazy\" decoding=\"async\" width=\"376\" height=\"420\" src=\"image\/gif;base64,R0lGODlhAQABAIAAAAAAAP\/\/\/yH5BAEAAAAALAAAAAABAAEAAAIBRAA7\" alt=\"siloueta\" data-ratio=\"0.9\" data-original-w=\"376\" data-src=\"https:\/\/altimirenginyeria.com\/wp-content\/uploads\/2023\/10\/siloueta.jpg\" \/>        <\/p>\n<h4><a href=\"https:\/\/altimirenginyeria.com\/es\/sobre-nosotros\/\"><br \/>\n            Josep Altimir<\/a><br \/>\n            <\/h4>\n<h5>Enginyer Industrial Superior<\/h5>\n<ul>\n<li>\n                            <a href=\"https:\/\/www.linkedin.com\/in\/josep-altimir-puigdemont-5597b931\/\" target=\"_blank\" rel=\"noopener\"><br \/>\n                            <\/a>\n                        <\/li>\n<\/ul>\n<\/section>\n<p><!-- widget-container -->\t\t<\/p>\n<section style=\"\" >\n<ul >\n<li ><a href=\"#\" ><\/a><\/li>\n<\/ul>\n<\/section>\n<p><!-- widget-container -->\t\t<\/p>\n<section style=\"\" >\n<ul >\n<li ><a href=\"#\" ><\/a><\/li>\n<\/ul>\n<\/section>\n<p><!-- widget-container -->\t\t<\/p>\n<section>\n<h4>COMENCEM<\/h4>\n<h5>Comen\u00e7a el teu nou projecte<\/h5>\n<p>La nostra feina implica identificar reptes i dise\u00f1ar solucions&#8230;<\/p>\n<p>                <a href=\"http:\/\/altimirenginyeria.com\/contacte\/\" target=\"_self\" rel=\"noopener\">CONTACTA&#8217;NS<\/a><br \/>\n<\/section>\n<p><!-- widget-container --><\/p>\n","protected":false},"excerpt":{"rendered":"<p>BENVINGUTS A Altimir Enginyeria Despatx d&#8217;enginyeria multidisciplinar situat a Girona LLEGEIX M\u00c9S ALTIMIR ENGINYERIA Serveis Sector comercial i serveis Gesti\u00f3 integral de tot tipus de projectes d&#8217;obra i reforma, llic\u00e8ncies d&#8217;activitat i ambientals&#8230; Llegeix m\u00e9s Sector industrial Creaci\u00f3 d&#8217;expedients CE, importaci\u00f3 de m\u00e0quines, auditories de seguretat, RD1215\/97&#8230; Llegeix m\u00e9s Altres Assessorament en energia solar, electricitat [&hellip;]<\/p>\n","protected":false},"author":1,"featured_media":0,"parent":0,"menu_order":0,"comment_status":"closed","ping_status":"closed","template":"","meta":{"_monsterinsights_skip_tracking":false,"_monsterinsights_sitenote_active":false,"_monsterinsights_sitenote_note":"","_monsterinsights_sitenote_category":0,"footnotes":""},"class_list":["post-876","page","type-page","status-publish","hentry"],"aioseo_notices":[],"_links":{"self":[{"href":"https:\/\/altimirenginyeria.com\/es\/wp-json\/wp\/v2\/pages\/876","targetHints":{"allow":["GET"]}}],"collection":[{"href":"https:\/\/altimirenginyeria.com\/es\/wp-json\/wp\/v2\/pages"}],"about":[{"href":"https:\/\/altimirenginyeria.com\/es\/wp-json\/wp\/v2\/types\/page"}],"author":[{"embeddable":true,"href":"https:\/\/altimirenginyeria.com\/es\/wp-json\/wp\/v2\/users\/1"}],"replies":[{"embeddable":true,"href":"https:\/\/altimirenginyeria.com\/es\/wp-json\/wp\/v2\/comments?post=876"}],"version-history":[{"count":0,"href":"https:\/\/altimirenginyeria.com\/es\/wp-json\/wp\/v2\/pages\/876\/revisions"}],"wp:attachment":[{"href":"https:\/\/altimirenginyeria.com\/es\/wp-json\/wp\/v2\/media?parent=876"}],"curies":[{"name":"wp","href":"https:\/\/api.w.org\/{rel}","templated":true}]}}